{"id":16859,"date":"2024-12-24T17:54:17","date_gmt":"2024-12-24T16:54:17","guid":{"rendered":"https:\/\/www.profitasic.com\/?post_type=product&#038;p=16859"},"modified":"2025-08-07T11:31:48","modified_gmt":"2025-08-07T09:31:48","slug":"jasminer-x16-q-pro-2-05gh","status":"publish","type":"product","link":"https:\/\/profitasic.com\/en\/product\/jasminer-x16-q-pro-2-05gh\/","title":{"rendered":"JASMINER X16-Q PRO 2.05GH"},"content":{"rendered":"<p>JASMINER X16-Q Pro is equipped with the high-performance intelligent engine developed by JASMINER, based on the world's leading high-performance \"storage and computing\" arithmetic chip, built specifically for \"giant complex\" blockchain networks.<\/p>\n<p>It requires only 520w\u00b110% of power consumption to achieve 2050MH\/s\u00b110% ultra-high hash rate, providing new performance to reduce cost and increase efficiency for applications such as home use, IDC server room or professional sites. With multiple advantages, such as high power and low power consumption, easy deployment, quietness and environmental friendliness, it provides customers with an absolutely convenient experience.<\/p>\n<div class=\"asicminer-widget-container\" style=\"width: 100%; min-height: 300px;\">\n            <iframe id=\"asicminer-widget-3035\" \n                    src=\"https:\/\/profitasic.com\/wp-content\/themes\/profitasic\/proxy-widget.php?miner=jasminer\/x16-q-pro&#038;type=profit&#038;theme=dark\" \n                    width=\"100%\" \n                    height=\"300\" \n                    frameborder=\"0\"\n                    loading=\"lazy\"\n                    style=\"border: none; overflow: hidden;\"\n                    title=\"ASIC Miner Widget\">\n            <\/iframe>\n        <\/div>\n<p>&nbsp;<\/p>\n<p>&nbsp;<\/p>","protected":false},"excerpt":{"rendered":"<p>JASMINER X16-Q Pro est\u00e1 equipado con el motor inteligente de alto rendimiento desarrollado por JASMINER, basado en el chip aritm\u00e9tico de alto rendimiento de &#8220;almacenamiento e inform\u00e1tica&#8221; l\u00edder en el mundo, construido espec\u00edficamente para redes blockchain &#8220;gigantes complejas&#8221;. Requiere solo 520w\u00b110% del consumo de energ\u00eda para obtener 2050MH\/s\u00b110% de tasa de hash ultraalta, lo que [&hellip;]<\/p>\n","protected":false},"featured_media":16862,"comment_status":"open","ping_status":"closed","template":"","meta":[],"product_brand":[],"product_cat":[19],"product_tag":[244,138,137],"class_list":{"0":"post-16859","1":"product","2":"type-product","3":"status-publish","4":"has-post-thumbnail","6":"product_cat-mineros","7":"product_tag-gme","8":"product_tag-mineros-para-avanzados","9":"product_tag-mineros-para-principiantes","11":"first","12":"outofstock","13":"taxable","14":"shipping-taxable","15":"purchasable","16":"product-type-simple"},"_links":{"self":[{"href":"https:\/\/profitasic.com\/en\/wp-json\/wp\/v2\/product\/16859","targetHints":{"allow":["GET"]}}],"collection":[{"href":"https:\/\/profitasic.com\/en\/wp-json\/wp\/v2\/product"}],"about":[{"href":"https:\/\/profitasic.com\/en\/wp-json\/wp\/v2\/types\/product"}],"replies":[{"embeddable":true,"href":"https:\/\/profitasic.com\/en\/wp-json\/wp\/v2\/comments?post=16859"}],"wp:featuredmedia":[{"embeddable":true,"href":"https:\/\/profitasic.com\/en\/wp-json\/wp\/v2\/media\/16862"}],"wp:attachment":[{"href":"https:\/\/profitasic.com\/en\/wp-json\/wp\/v2\/media?parent=16859"}],"wp:term":[{"taxonomy":"product_brand","embeddable":true,"href":"https:\/\/profitasic.com\/en\/wp-json\/wp\/v2\/product_brand?post=16859"},{"taxonomy":"product_cat","embeddable":true,"href":"https:\/\/profitasic.com\/en\/wp-json\/wp\/v2\/product_cat?post=16859"},{"taxonomy":"product_tag","embeddable":true,"href":"https:\/\/profitasic.com\/en\/wp-json\/wp\/v2\/product_tag?post=16859"}],"curies":[{"name":"wp","href":"https:\/\/api.w.org\/{rel}","templated":true}]}}