{"id":3416,"date":"2024-01-18T07:01:36","date_gmt":"2024-01-18T09:01:36","guid":{"rendered":"https:\/\/www.profitasic.com\/?post_type=product&#038;p=3416"},"modified":"2025-05-09T14:47:06","modified_gmt":"2025-05-09T12:47:06","slug":"superscalar-k10-fpga","status":"publish","type":"product","link":"https:\/\/profitasic.com\/en\/product\/superscalar-k10-fpga\/","title":{"rendered":"Superscalar K10 FPGA - 30 Gh- 60 Gh"},"content":{"rendered":"<p>Superscalar K10 FPGA<\/p>\n<p>It has a mining power of \u00a0<b>54.72Gh\/s<\/b>and a consumption of 1973W\/h<\/p>\n<p>&nbsp;<\/p>\n<h2><b>Coins you can mine with Superscalar K10 FPGA:<\/b><\/h2>\n<p>We put it in a clear way so that you can understand it without complications. Below you can see the most important currencies for the Blake algorithm3 :<\/p>\n<ul>\n<li>Karlsen,<\/li>\n<li>Alephium,<\/li>\n<li>Aleo,<\/li>\n<li>Radiant,<\/li>\n<li>Ironfish<\/li>\n<li>Kaspa<\/li>\n<\/ul>\n<p>&nbsp;<\/p>\n<p>Karlsen, una criptomoneda emergente de finales del 2023, presenta un perfil de inversi\u00f3n que se caracteriza por su alto potencial de rentabilidad en el corto plazo.\u00a0El suministro total de tokens Karlsen (KLS) es de 5.000 millones. De este total, el 40% se puso a disposici\u00f3n de los inversores durante la venta inicial de tokens, el 30% se reserv\u00f3 para el equipo de desarrollo, el 20% se usa para incentivar la miner\u00eda y la participaci\u00f3n de la comunidad, y el 10% se destinar\u00e1 a donaciones ben\u00e9ficas.\u00a0La dificultad de la red de Karlsen se ajusta cada dos semanas para garantizar que el tiempo de producci\u00f3n de un bloque sea de aproximadamente 10 minutos. Esto ayuda a mantener la estabilidad de la red y a evitar que los mineros obtengan recompensas demasiado altas. Para minar Karlsen, los mineros pueden utilizar dispositivos GPU o ASIC.<\/p>\n<p>&nbsp;<\/p>\n<p>Click here\u00a0<a href=\"https:\/\/www.youtube.com\/watch?v=BtF49i6Glnc\" target=\"_blank\" rel=\"noopener\">here<\/a>\u00a0to know the difference between an ASIC and a RIG.<\/p>","protected":false},"excerpt":{"rendered":"<p>Superscalar K10 FPGA Tiene una potencia de minado de \u00a054.72Gh\/s, y un consumo de 1973W\/h &nbsp; Monedas que puedes minar con Superscalar K10 FPGA: Lo ponemos de forma clara para que puedas entenderlo sin complicaciones. A continuaci\u00f3n se puede ver las monedas m\u00e1s importantes para el algoritmo Blake3 : Karlsen, Alephium, Aleo, Radiant, Ironfish Kaspa [&hellip;]<\/p>\n","protected":false},"featured_media":2491,"comment_status":"open","ping_status":"closed","template":"","meta":[],"product_brand":[],"product_cat":[15],"product_tag":[],"class_list":{"0":"post-3416","1":"product","2":"type-product","3":"status-publish","4":"has-post-thumbnail","6":"product_cat-sin-categorizar","8":"first","9":"outofstock","10":"taxable","11":"shipping-taxable","12":"purchasable","13":"product-type-variable"},"_links":{"self":[{"href":"https:\/\/profitasic.com\/en\/wp-json\/wp\/v2\/product\/3416","targetHints":{"allow":["GET"]}}],"collection":[{"href":"https:\/\/profitasic.com\/en\/wp-json\/wp\/v2\/product"}],"about":[{"href":"https:\/\/profitasic.com\/en\/wp-json\/wp\/v2\/types\/product"}],"replies":[{"embeddable":true,"href":"https:\/\/profitasic.com\/en\/wp-json\/wp\/v2\/comments?post=3416"}],"wp:featuredmedia":[{"embeddable":true,"href":"https:\/\/profitasic.com\/en\/wp-json\/wp\/v2\/media\/2491"}],"wp:attachment":[{"href":"https:\/\/profitasic.com\/en\/wp-json\/wp\/v2\/media?parent=3416"}],"wp:term":[{"taxonomy":"product_brand","embeddable":true,"href":"https:\/\/profitasic.com\/en\/wp-json\/wp\/v2\/product_brand?post=3416"},{"taxonomy":"product_cat","embeddable":true,"href":"https:\/\/profitasic.com\/en\/wp-json\/wp\/v2\/product_cat?post=3416"},{"taxonomy":"product_tag","embeddable":true,"href":"https:\/\/profitasic.com\/en\/wp-json\/wp\/v2\/product_tag?post=3416"}],"curies":[{"name":"wp","href":"https:\/\/api.w.org\/{rel}","templated":true}]}}