{"id":2984,"date":"2023-12-05T13:01:26","date_gmt":"2023-12-05T15:01:26","guid":{"rendered":"https:\/\/www.profitasic.com\/?post_type=product&#038;p=2984"},"modified":"2025-05-09T14:47:07","modified_gmt":"2025-05-09T12:47:07","slug":"btc-lottery-nerdminer-v2-0-s3-bitcoin-nerd-miner-t-display-s3-56kh-s-nerd-miner-btc-lottery-miner","status":"publish","type":"product","link":"https:\/\/profitasic.com\/es_es\/producto\/btc-lottery-nerdminer-v2-0-s3-bitcoin-nerd-miner-t-display-s3-56kh-s-nerd-miner-btc-lottery-miner\/","title":{"rendered":"BTC Lottery NerdMiner V2.0 S3 Bitcoin Nerd Miner T-Display S3 56KH\/S Nerd Miner BTC Lottery Miner"},"content":{"rendered":"<h2 class=\"product-title-text\" data-spm-anchor-id=\"a2g0o.detail.1000016.i1.513c6c5dRhBZc0\"><strong>NerdMiner V2.0 S3<\/strong><\/h2>\n<p>&nbsp;<\/p>\n<h2>NerdMiner V2.0 S3: mina menos, gana m\u00e1s. La oportunidad de un bitcoin est\u00e1 a solo un clic de distancia. \u00bfTe atreves a probar la suerte?<\/h2>\n<p>Presentamos <strong>NerdMiner V2.0 S3<\/strong>\u00a0: \u00a1un minero de loter\u00eda de Bitcoin plug-and-play que te brinda la oportunidad de ganar una recompensa de bloque completo cada 10 minutos!<\/p>\n<p>Un dispositivo elegante y compacto que extrae Bitcoin sin esfuerzo a trav\u00e9s de un sistema similar a una loter\u00eda.\u00a0El Nerd Miner T Display S3 es el ep\u00edtome de la simplicidad y la eficiencia en el mundo de la miner\u00eda de Bitcoin.\u00a0Con solo un cable de alimentaci\u00f3n USB-C y un toque de suerte, podr\u00e1s embarcarte en tu viaje minero.<\/p>\n<p>Dise\u00f1ado espec\u00edficamente para la miner\u00eda en solitario, el Nerd Miner T Display S3 muestra su verdadero poder cuando se opera individualmente, ya que su hashrate puede no ser lo suficientemente significativo como para contribuir a un grupo de miner\u00eda.\u00a0Sin embargo, las ventajas de la miner\u00eda en solitario se vuelven evidentes cuando descubres que si logras encontrar un bloque, toda la recompensa del bloque y las tarifas de transacci\u00f3n son tuyas.<\/p>\n<p>Operando con tan solo ~1 vatio de potencia, aproximadamente ~$2 por a\u00f1o, este extraordinario dispositivo logra una tasa de hash de m\u00e1s de 78 Kh\/s (usando el firmware 1.6.3) nada m\u00e1s sacarlo de la caja.\u00a0Pero la emoci\u00f3n no termina ah\u00ed.\u00a0El equipo de desarrollo de BitMaker mejora continuamente el c\u00f3digo y promete tasas de hash a\u00fan m\u00e1s altas en el futuro.<\/p>\n<p>Tu Nerd Miner T Display S3 llega completamente ensamblado, listo para desatar su destreza minera.\u00a0Conectarlo a su red WiFi e ingresar su direcci\u00f3n de billetera Bitcoin son los \u00fanicos pasos que se interponen entre usted y la aventura minera.\u00a0\u00a1Es as\u00ed de simple!<\/p>\n<p>Para aquellos curiosos acerca de la tecnolog\u00eda subyacente, Nerd Miner T Display S3 se basa en un proyecto de c\u00f3digo abierto alojado en GitHub por BitMaker.\u00a0El repositorio del proyecto se puede encontrar en:\u00a0<a href=\"https:\/\/github.com\/BitMaker-hub\/NerdMiner_v2\">https:\/\/github.com\/BitMaker-hub\/NerdMiner_v2<\/a>\u00a0.\u00a0Al explorar la p\u00e1gina de GitHub del proyecto, puede profundizar en las complejidades del c\u00f3digo, participar en debates e incluso contribuir a su desarrollo continuo.<\/p>\n<p>Nerd Miner T Display S3 ofrece una experiencia fluida y f\u00e1cil de usar para quienes buscan participar en el mundo de la miner\u00eda de Bitcoin.\u00a0Su funcionalidad plug-and-play, combinada con el potencial de obtener recompensas sustanciales (si tiene mucha suerte), lo convierte en una opci\u00f3n atractiva tanto para los mineros novatos como para los experimentados.<\/p>\n<div style=\"width: 480px;\" class=\"wp-video\"><video class=\"wp-video-shortcode\" id=\"video-2984-1\" width=\"480\" height=\"480\" preload=\"metadata\" controls=\"controls\"><source type=\"video\/mp4\" src=\"https:\/\/www.profitasic.com\/wp-content\/uploads\/2023\/12\/WhatsApp-Video-2023-12-05-at-13.02.48.mp4?_=1\" \/><a href=\"https:\/\/www.profitasic.com\/wp-content\/uploads\/2023\/12\/WhatsApp-Video-2023-12-05-at-13.02.48.mp4\">https:\/\/www.profitasic.com\/wp-content\/uploads\/2023\/12\/WhatsApp-Video-2023-12-05-at-13.02.48.mp4<\/a><\/video><\/div>\n","protected":false},"excerpt":{"rendered":"<p>NerdMiner V2.0 S3 &nbsp; NerdMiner V2.0 S3: mina menos, gana m\u00e1s. La oportunidad de un bitcoin est\u00e1 a solo un clic de distancia. \u00bfTe atreves a probar la suerte? Presentamos NerdMiner V2.0 S3\u00a0: \u00a1un minero de loter\u00eda de Bitcoin plug-and-play que te brinda la oportunidad de ganar una recompensa de bloque completo cada 10 minutos! [&hellip;]<\/p>\n","protected":false},"featured_media":2989,"comment_status":"open","ping_status":"closed","template":"","meta":[],"product_brand":[],"product_cat":[19],"product_tag":[244,138,137],"class_list":{"0":"post-2984","1":"product","2":"type-product","3":"status-publish","4":"has-post-thumbnail","6":"product_cat-mineros","7":"product_tag-gme","8":"product_tag-mineros-para-avanzados","9":"product_tag-mineros-para-principiantes","10":"product_shipping_class-especial","12":"first","13":"instock","14":"taxable","15":"shipping-taxable","16":"purchasable","17":"product-type-simple"},"_links":{"self":[{"href":"https:\/\/profitasic.com\/es_es\/wp-json\/wp\/v2\/product\/2984","targetHints":{"allow":["GET"]}}],"collection":[{"href":"https:\/\/profitasic.com\/es_es\/wp-json\/wp\/v2\/product"}],"about":[{"href":"https:\/\/profitasic.com\/es_es\/wp-json\/wp\/v2\/types\/product"}],"replies":[{"embeddable":true,"href":"https:\/\/profitasic.com\/es_es\/wp-json\/wp\/v2\/comments?post=2984"}],"wp:featuredmedia":[{"embeddable":true,"href":"https:\/\/profitasic.com\/es_es\/wp-json\/wp\/v2\/media\/2989"}],"wp:attachment":[{"href":"https:\/\/profitasic.com\/es_es\/wp-json\/wp\/v2\/media?parent=2984"}],"wp:term":[{"taxonomy":"product_brand","embeddable":true,"href":"https:\/\/profitasic.com\/es_es\/wp-json\/wp\/v2\/product_brand?post=2984"},{"taxonomy":"product_cat","embeddable":true,"href":"https:\/\/profitasic.com\/es_es\/wp-json\/wp\/v2\/product_cat?post=2984"},{"taxonomy":"product_tag","embeddable":true,"href":"https:\/\/profitasic.com\/es_es\/wp-json\/wp\/v2\/product_tag?post=2984"}],"curies":[{"name":"wp","href":"https:\/\/api.w.org\/{rel}","templated":true}]}}