{"id":6065,"date":"2024-09-09T12:35:29","date_gmt":"2024-09-09T10:35:29","guid":{"rendered":"https:\/\/www.profitasic.com\/?post_type=product&#038;p=6065"},"modified":"2025-05-09T14:46:59","modified_gmt":"2025-05-09T12:46:59","slug":"iceriver-rx0","status":"publish","type":"product","link":"https:\/\/profitasic.com\/es_es\/producto\/iceriver-rx0\/","title":{"rendered":"Iceriver RX0 (October pre-order)"},"content":{"rendered":"<p><strong>RX0 Iceriver: La M\u00e1quina de Miner\u00eda de Alto Rendimiento<\/strong><\/p>\n<p>El RX0, la \u00faltima incorporaci\u00f3n de Iceriver a su destacada l\u00ednea de mineros, es una potencia de procesamiento como ninguna otra en el mundo de la miner\u00eda de criptomonedas en el algoritmo RXD. Dise\u00f1ado meticulosamente para brindar un rendimiento \u00f3ptimo, eficiencia energ\u00e9tica y confiabilidad sobresalientes, la RX0 es la elecci\u00f3n definitiva para los mineros m\u00e1s exigentes.<\/p>\n<p><strong>Especificaciones Impresionantes:<\/strong><\/p>\n<ul>\n<li>Hashrate de RXD: 260GH\/S<\/li>\n<li>Consumo de energ\u00eda: 100W\/h (\u00b15%)<\/li>\n<li>Dimensiones compactas: 200x194x74 (mil\u00edmetro)<\/li>\n<li>Peso neto: 2.5 kilos<\/li>\n<\/ul>\n<p><strong>Conectividad Sin Esfuerzo:<\/strong> El RX0 Ultra se conecta f\u00e1cilmente a trav\u00e9s de Ethernet, lo que garantiza una comunicaci\u00f3n fluida y confiable con su sistema de miner\u00eda.<\/p>\n<p><strong>Rendimiento Inigualable:<\/strong> El RX0 Ultra destaca con su hashrate de 260GH\/S, lo que lo coloca a la vanguardia de la miner\u00eda de criptomonedas. Su dise\u00f1o compacto y peso ligero hacen que sea la elecci\u00f3n ideal para cualquier entorno de miner\u00eda.<\/p>\n<p><strong>Temperatura \u00d3ptima:<\/strong> Este minero puede funcionar en un rango de temperatura de 5~40 \u2103, siempre que se coloque en un ambiente con una buena circulaci\u00f3n de aire. Esto garantiza un rendimiento constante incluso en condiciones desafiantes.<\/p>\n<p>Esta maquina sale en Septiembre 2024<\/p>\n<p>El RX0 de Iceriver es la combinaci\u00f3n perfecta de potencia, eficiencia y facilidad de uso. Si est\u00e1 buscando una m\u00e1quina de miner\u00eda de alto rendimiento que supere sus expectativas, el RX0 es la elecci\u00f3n indiscutible. Potencie su operaci\u00f3n de miner\u00eda de criptomonedas con la RX0 de Iceriver y experimente un nuevo nivel de productividad.<\/p>\n","protected":false},"excerpt":{"rendered":"<p>RX0 Iceriver: La M\u00e1quina de Miner\u00eda de Alto Rendimiento El RX0, la \u00faltima incorporaci\u00f3n de Iceriver a su destacada l\u00ednea de mineros, es una potencia de procesamiento como ninguna otra en el mundo de la miner\u00eda de criptomonedas en el algoritmo RXD. Dise\u00f1ado meticulosamente para brindar un rendimiento \u00f3ptimo, eficiencia energ\u00e9tica y confiabilidad sobresalientes, la [&hellip;]<\/p>\n","protected":false},"featured_media":2071,"comment_status":"open","ping_status":"closed","template":"","meta":[],"product_brand":[],"product_cat":[19],"product_tag":[244,137],"class_list":{"0":"post-6065","1":"product","2":"type-product","3":"status-publish","4":"has-post-thumbnail","6":"product_cat-mineros","7":"product_tag-gme","8":"product_tag-mineros-para-principiantes","10":"first","11":"outofstock","12":"taxable","13":"shipping-taxable","14":"purchasable","15":"product-type-simple"},"_links":{"self":[{"href":"https:\/\/profitasic.com\/es_es\/wp-json\/wp\/v2\/product\/6065","targetHints":{"allow":["GET"]}}],"collection":[{"href":"https:\/\/profitasic.com\/es_es\/wp-json\/wp\/v2\/product"}],"about":[{"href":"https:\/\/profitasic.com\/es_es\/wp-json\/wp\/v2\/types\/product"}],"replies":[{"embeddable":true,"href":"https:\/\/profitasic.com\/es_es\/wp-json\/wp\/v2\/comments?post=6065"}],"wp:featuredmedia":[{"embeddable":true,"href":"https:\/\/profitasic.com\/es_es\/wp-json\/wp\/v2\/media\/2071"}],"wp:attachment":[{"href":"https:\/\/profitasic.com\/es_es\/wp-json\/wp\/v2\/media?parent=6065"}],"wp:term":[{"taxonomy":"product_brand","embeddable":true,"href":"https:\/\/profitasic.com\/es_es\/wp-json\/wp\/v2\/product_brand?post=6065"},{"taxonomy":"product_cat","embeddable":true,"href":"https:\/\/profitasic.com\/es_es\/wp-json\/wp\/v2\/product_cat?post=6065"},{"taxonomy":"product_tag","embeddable":true,"href":"https:\/\/profitasic.com\/es_es\/wp-json\/wp\/v2\/product_tag?post=6065"}],"curies":[{"name":"wp","href":"https:\/\/api.w.org\/{rel}","templated":true}]}}