{"id":16856,"date":"2024-12-24T16:19:21","date_gmt":"2024-12-24T15:19:21","guid":{"rendered":"https:\/\/www.profitasic.com\/?post_type=product&#038;p=16856"},"modified":"2025-08-07T11:30:28","modified_gmt":"2025-08-07T09:30:28","slug":"jasminer-x16-q-1-95gh","status":"publish","type":"product","link":"https:\/\/profitasic.com\/fr\/produit\/jasminer-x16-q-1-95gh\/","title":{"rendered":"JASMINER X16-Q 1,95GH"},"content":{"rendered":"<p>JASMINER X16-Q utiliza el algoritmo EtHash para la miner\u00eda, con una tasa de hash m\u00e1xima de 1.95 Gh\/s y un consumo de energ\u00eda de 620W. X16-Q est\u00e1 equipado con un motor inteligente de alto rendimiento desarrollado independientemente por JASMINER basado en el chip aritm\u00e9tico de alto rendimiento de &#8220;almacenamiento e inform\u00e1tica&#8221; l\u00edder en el mundo, especialmente construido para la red blockchain &#8220;Complex Giant&#8221;. Su tasa de hash ultraalta de 1950MH\/s\u00b110% proporciona un nuevo rendimiento en reducci\u00f3n de costos y mejora de la eficiencia para aplicaciones como hogares, salas de computadoras IDC o sitios profesionales. Tiene m\u00faltiples ventajas, como alta eficiencia, bajo consumo, f\u00e1cil implementaci\u00f3n, silencio y protecci\u00f3n ambiental, brindando una experiencia c\u00f3moda a los clientes.<\/p>\n<div class=\"asicminer-widget-container\" style=\"width: 100%; min-height: 300px;\">\n            <iframe id=\"asicminer-widget-4314\" \n                    src=\"https:\/\/profitasic.com\/wp-content\/themes\/profitasic\/proxy-widget.php?miner=jasminer\/x16-q&#038;type=profit&#038;theme=dark\" \n                    width=\"100%\" \n                    height=\"300\" \n                    frameborder=\"0\"\n                    loading=\"lazy\"\n                    style=\"border: none; overflow: hidden;\"\n                    title=\"ASIC Miner Widget\">\n            <\/iframe>\n        <\/div>\n<p><strong>Caract\u00e9ristiques du produit :<\/strong><\/p>\n<p>1) Efficacit\u00e9 maximale, avenir radieux ; Le nouveau c\u0153ur de calcul de 1950MH\/s\u00b110% du JASMINER X16-Q est plus puissant. Le ratio de consommation d'\u00e9nergie est de 0,32 JMH, ce qui permet d'am\u00e9liorer consid\u00e9rablement les performances, l'efficacit\u00e9 \u00e9nerg\u00e9tique et l'exp\u00e9rience informatique.<\/p>\n<p>2) Extr\u00eamement silencieux et confortable ; JASMINER X16-Q adopte une conception structurelle avec des performances de dissipation thermique optimis\u00e9es pour cr\u00e9er un syst\u00e8me de refroidissement silencieux phare avec un bruit plus faible et une dissipation thermique plus \u00e9lev\u00e9e. La temp\u00e9rature de fonctionnement est de 0-40 \u2103, le bruit est \u226440 dB et il convient \u00e0 une utilisation en dortoir.<\/p>\n<p>3) Apparence et endurance : Le design artistique de la grille de dissipation de la chaleur ne met pas seulement en valeur la personnalit\u00e9 mais aussi la beaut\u00e9 de la technologie. Les oreilles de montage des deux c\u00f4t\u00e9s peuvent \u00eatre utilis\u00e9es dans les salles d'ordinateurs, les maisons et d'autres environnements IDC, vous fournissant une puissance stable et croissante.<\/p>","protected":false},"excerpt":{"rendered":"<p>JASMINER X16-Q utiliza el algoritmo EtHash para la miner\u00eda, con una tasa de hash m\u00e1xima de 1.95 Gh\/s y un consumo de energ\u00eda de 620W. X16-Q est\u00e1 equipado con un motor inteligente de alto rendimiento desarrollado independientemente por JASMINER basado en el chip aritm\u00e9tico de alto rendimiento de &#8220;almacenamiento e inform\u00e1tica&#8221; l\u00edder en el mundo, [&hellip;]<\/p>\n","protected":false},"featured_media":16853,"comment_status":"open","ping_status":"closed","template":"","meta":[],"product_brand":[],"product_cat":[19],"product_tag":[244,138,137],"class_list":{"0":"post-16856","1":"product","2":"type-product","3":"status-publish","4":"has-post-thumbnail","6":"product_cat-mineros","7":"product_tag-gme","8":"product_tag-mineros-para-avanzados","9":"product_tag-mineros-para-principiantes","11":"first","12":"outofstock","13":"taxable","14":"shipping-taxable","15":"purchasable","16":"product-type-simple"},"_links":{"self":[{"href":"https:\/\/profitasic.com\/fr\/wp-json\/wp\/v2\/product\/16856","targetHints":{"allow":["GET"]}}],"collection":[{"href":"https:\/\/profitasic.com\/fr\/wp-json\/wp\/v2\/product"}],"about":[{"href":"https:\/\/profitasic.com\/fr\/wp-json\/wp\/v2\/types\/product"}],"replies":[{"embeddable":true,"href":"https:\/\/profitasic.com\/fr\/wp-json\/wp\/v2\/comments?post=16856"}],"wp:featuredmedia":[{"embeddable":true,"href":"https:\/\/profitasic.com\/fr\/wp-json\/wp\/v2\/media\/16853"}],"wp:attachment":[{"href":"https:\/\/profitasic.com\/fr\/wp-json\/wp\/v2\/media?parent=16856"}],"wp:term":[{"taxonomy":"product_brand","embeddable":true,"href":"https:\/\/profitasic.com\/fr\/wp-json\/wp\/v2\/product_brand?post=16856"},{"taxonomy":"product_cat","embeddable":true,"href":"https:\/\/profitasic.com\/fr\/wp-json\/wp\/v2\/product_cat?post=16856"},{"taxonomy":"product_tag","embeddable":true,"href":"https:\/\/profitasic.com\/fr\/wp-json\/wp\/v2\/product_tag?post=16856"}],"curies":[{"name":"wp","href":"https:\/\/api.w.org\/{rel}","templated":true}]}}