{"id":18262,"date":"2025-05-30T13:30:39","date_gmt":"2025-05-30T11:30:39","guid":{"rendered":"https:\/\/www.profitasic.com\/?post_type=product&#038;p=18262"},"modified":"2026-05-04T22:27:44","modified_gmt":"2026-05-04T20:27:44","slug":"alfombrilla","status":"publish","type":"product","link":"https:\/\/profitasic.com\/fr\/produit\/alfombrilla\/","title":{"rendered":"Alfombrilla para escritorio"},"content":{"rendered":"<h3 data-start=\"144\" data-end=\"211\">Alfombrilla de Escritorio &#8220;Bitcoin Matrix&#8221; \u2013 Edici\u00f3n Profit Asic<\/h3>\n<p>&nbsp;<\/p>\n<p data-start=\"213\" data-end=\"537\">Convierte tu espacio de trabajo o gaming en un centro de operaciones cripto con esta espectacular alfombrilla de escritorio de edici\u00f3n especial <strong data-start=\"357\" data-end=\"371\">Profit Asic<\/strong>. Dise\u00f1ada para los apasionados del mundo blockchain, esta alfombrilla no solo mejora la est\u00e9tica de tu setup, sino tambi\u00e9n tu experiencia diaria frente al ordenador.<\/p>\n<p data-start=\"539\" data-end=\"848\">\ud83d\udd38 <strong data-start=\"542\" data-end=\"562\">Dise\u00f1o exclusivo<\/strong>: Destaca un elegante patr\u00f3n tipo \u201cMatrix\u201d con l\u00edneas de c\u00f3digo verdes sobre fondo negro, en cuyo centro se impone el ic\u00f3nico s\u00edmbolo de <strong data-start=\"699\" data-end=\"710\">Bitcoin<\/strong> en dorado. En la esquina superior izquierda, lleva el logo de <strong data-start=\"773\" data-end=\"787\">Profit Asic<\/strong>, representando tu pasi\u00f3n por la miner\u00eda y las criptomonedas.<\/p>\n<p data-start=\"850\" data-end=\"1012\">\ud83d\udd38 <strong data-start=\"853\" data-end=\"866\">Tama\u00f1o XL<\/strong>: Ideal para cubrir gran parte del escritorio. Soporta perfectamente tanto el teclado como el rat\u00f3n, brindando comodidad y libertad de movimiento.<\/p>\n<p data-start=\"1014\" data-end=\"1194\">\ud83d\udd38 <strong data-start=\"1017\" data-end=\"1042\">Superficie optimizada<\/strong>: Textura suave de alta precisi\u00f3n que mejora la respuesta del rat\u00f3n, ideal tanto para gamers como para usuarios de oficina o entusiastas de las criptos.<\/p>\n<p data-start=\"1196\" data-end=\"1336\">\ud83d\udd38 <strong data-start=\"1199\" data-end=\"1222\">Base antideslizante<\/strong>: Fabricada con goma natural que se adhiere firmemente a cualquier superficie, evitando deslizamientos indeseados.<\/p>\n<p data-start=\"1338\" data-end=\"1452\">\ud83d\udd38 <strong data-start=\"1341\" data-end=\"1368\">Durabilidad garantizada<\/strong>: Bordes reforzados que previenen el desgaste y prolongan la vida \u00fatil del producto.<\/p>\n<hr data-start=\"1454\" data-end=\"1457\" \/>\n<p data-start=\"1459\" data-end=\"1657\">Perfecta como regalo o para tu propio uso, esta alfombrilla es el complemento definitivo para quienes viven y respiran criptomonedas. \u00a1Haz que tu escritorio hable de tu pasi\u00f3n por el futuro digital!<\/p>","protected":false},"excerpt":{"rendered":"<p>Alfombrilla de Escritorio &#8220;Bitcoin Matrix&#8221; \u2013 Edici\u00f3n Profit Asic &nbsp; Convierte tu espacio de trabajo o gaming en un centro de operaciones cripto con esta espectacular alfombrilla de escritorio de edici\u00f3n especial Profit Asic. Dise\u00f1ada para los apasionados del mundo blockchain, esta alfombrilla no solo mejora la est\u00e9tica de tu setup, sino tambi\u00e9n tu experiencia [&hellip;]<\/p>\n","protected":false},"featured_media":20717,"comment_status":"open","ping_status":"closed","template":"","meta":[],"product_brand":[],"product_cat":[145],"product_tag":[],"class_list":{"0":"post-18262","1":"product","2":"type-product","3":"status-publish","4":"has-post-thumbnail","6":"product_cat-merchandise","7":"product_shipping_class-especial","9":"first","10":"instock","11":"sold-individually","12":"taxable","13":"shipping-taxable","14":"purchasable","15":"product-type-variable","16":"has-default-attributes"},"_links":{"self":[{"href":"https:\/\/profitasic.com\/fr\/wp-json\/wp\/v2\/product\/18262","targetHints":{"allow":["GET"]}}],"collection":[{"href":"https:\/\/profitasic.com\/fr\/wp-json\/wp\/v2\/product"}],"about":[{"href":"https:\/\/profitasic.com\/fr\/wp-json\/wp\/v2\/types\/product"}],"replies":[{"embeddable":true,"href":"https:\/\/profitasic.com\/fr\/wp-json\/wp\/v2\/comments?post=18262"}],"wp:featuredmedia":[{"embeddable":true,"href":"https:\/\/profitasic.com\/fr\/wp-json\/wp\/v2\/media\/20717"}],"wp:attachment":[{"href":"https:\/\/profitasic.com\/fr\/wp-json\/wp\/v2\/media?parent=18262"}],"wp:term":[{"taxonomy":"product_brand","embeddable":true,"href":"https:\/\/profitasic.com\/fr\/wp-json\/wp\/v2\/product_brand?post=18262"},{"taxonomy":"product_cat","embeddable":true,"href":"https:\/\/profitasic.com\/fr\/wp-json\/wp\/v2\/product_cat?post=18262"},{"taxonomy":"product_tag","embeddable":true,"href":"https:\/\/profitasic.com\/fr\/wp-json\/wp\/v2\/product_tag?post=18262"}],"curies":[{"name":"wp","href":"https:\/\/api.w.org\/{rel}","templated":true}]}}