{"id":2925,"date":"2023-11-29T12:53:29","date_gmt":"2023-11-29T14:53:29","guid":{"rendered":"https:\/\/www.profitasic.com\/?post_type=product&#038;p=2925"},"modified":"2025-05-09T14:47:08","modified_gmt":"2025-05-09T12:47:08","slug":"futurebit-apollo-btc-miner-nvme-de-1-tb-fuente-de-alimentacion-de-200-w","status":"publish","type":"product","link":"https:\/\/profitasic.com\/fr\/produit\/futurebit-apollo-btc-miner-nvme-1-tb-200-watt-power-supply\/","title":{"rendered":"FutureBit Apollo BTC Miner NVME 1 TB + alimentation 200W"},"content":{"rendered":"<div id=\"productDescription_feature_div\" class=\"celwidget\" data-feature-name=\"productDescription\" data-csa-c-type=\"widget\" data-csa-c-content-id=\"productDescription\" data-csa-c-slot-id=\"productDescription_feature_div\" data-csa-c-asin=\"\" data-csa-c-is-in-initial-active-row=\"false\" data-csa-c-id=\"301oc7-ufwqa3-t8i3fn-w7clwj\" data-cel-widget=\"productDescription_feature_div\">\n<div>\n<div id=\"productDescription_feature_div\" class=\"a-row feature\" data-feature-name=\"productDescription\" data-template-name=\"productDescription\" data-cel-widget=\"productDescription_feature_div\">\n<div id=\"productDescription\" class=\"a-section a-spacing-small\">\n<p>Nous pr\u00e9sentons les <strong>six c\u0153urs de CPU FutureBit Apollo BTC.<\/strong> 44 c\u0153urs ASIC.<\/p>\n<p>SSD de 1 To bas\u00e9 sur la technologie NVMe. Silencieux. Moins de 200 watts de puissance. Fabriqu\u00e9 aux \u00c9tats-Unis.<\/p>\n<p>Voil\u00e0 \u00e0 quoi ressemble l'avenir du bitcoin. <strong>FutureBit Apollo BTC<\/strong> est la premi\u00e8re plateforme int\u00e9gr\u00e9e verticalement au monde qui apporte toute la puissance de Bitcoin et de son infrastructure mini\u00e8re dans un petit appareil de bureau, silencieux et facile \u00e0 utiliser, con\u00e7u pour les gens de tous les jours.<\/p>\n<p>Nous avons beaucoup it\u00e9r\u00e9 et appris de notre premier produit Apollo. Nous nous sommes rapidement rendu compte que nous nous \u00e9tions trop concentr\u00e9s sur l'aspect minier et pas assez sur les logiciels, les applications et les services qui font fonctionner Bitcoin.<\/p>\n<p>Trop de ces services ont \u00e9t\u00e9 transf\u00e9r\u00e9s sur des sites web centralis\u00e9s, et de nombreux utilisateurs ont renonc\u00e9 \u00e0 faire fonctionner le logiciel de base qui alimente Bitcoin. Cela doit changer, car le bitcoin ne restera pas le syst\u00e8me libre, non censurable et d\u00e9centralis\u00e9 qu'il est aujourd'hui si quelques personnes seulement contr\u00f4lent le minage qui l'alimente et les n\u0153uds qui le contr\u00f4lent.<\/p>\n<p>En el coraz\u00f3n del nuevo producto Apollo BTC hay un SBC renovado (computadora de una sola placa), que es tan potente como cualquier sistema de escritorio de grado de consumo y puede ejecutar casi cualquier aplicaci\u00f3n Bitcoin de forma nativa en el dispositivo 24\/7. S\u00e1calo de la caja, con\u00e9ctalo, enci\u00e9ndelo y ya est\u00e1s ejecutando un nodo Bitcoin completo sin necesidad de hacer nada. Instala una cartera de tu elecci\u00f3n, utiliza cualquier cartera de hardware, ejecuta BTCPayServer, ejecuta un explorador de bloques, ejecuta un nodo Lightning.<\/p>\n<p>Tout cela est possible gr\u00e2ce \u00e0 notre CPU \u00e0 base d'ARM \u00e0 six c\u0153urs avec 4 Go de RAM et un disque NVMe de 1 To qui peut facilement stocker un n\u0153ud Bitcoin entier sans \u00e9lagage.<\/p>\n<p>Il peut effectuer une synchronisation compl\u00e8te du n\u0153ud en moins de 48 heures, ce qui est un record pour un appareil de cette cat\u00e9gorie. C'est presque un ordre de grandeur plus rapide que n'importe quel n\u0153ud bas\u00e9 sur le Raspberry Pi 4.<\/p>\n<\/div>\n<\/div>\n<\/div>\n<\/div>\n<div id=\"aplus_feature_div\" class=\"celwidget\" data-feature-name=\"aplus\" data-csa-c-type=\"widget\" data-csa-c-content-id=\"aplus\" data-csa-c-slot-id=\"aplus_feature_div\" data-csa-c-asin=\"\" data-csa-c-is-in-initial-active-row=\"false\" data-csa-c-id=\"269kgc-k3i453-bjxpo5-ksd19n\" data-cel-widget=\"aplus_feature_div\"><\/div>\n<div id=\"aplusBrandStory_feature_div\" class=\"celwidget\" data-feature-name=\"aplusBrandStory\" data-csa-c-type=\"widget\" data-csa-c-content-id=\"aplusBrandStory\" data-csa-c-slot-id=\"aplusBrandStory_feature_div\" data-csa-c-asin=\"\" data-csa-c-is-in-initial-active-row=\"false\" data-csa-c-id=\"48rwt5-qcnl12-vi10ap-gman6e\" data-cel-widget=\"aplusBrandStory_feature_div\"><\/div>\n<div id=\"aplusSustainabilityStory_feature_div\" class=\"celwidget\" data-feature-name=\"aplusSustainabilityStory\" data-csa-c-type=\"widget\" data-csa-c-content-id=\"aplusSustainabilityStory\" data-csa-c-slot-id=\"aplusSustainabilityStory_feature_div\" data-csa-c-asin=\"\" data-csa-c-is-in-initial-active-row=\"false\" data-csa-c-id=\"xath24-quwf56-9wtc36-kqcyjy\" data-cel-widget=\"aplusSustainabilityStory_feature_div\"><\/div>\n<div id=\"HLCXComparisonWidget_Secondary_wdgs_feature_div\" class=\"celwidget\" data-feature-name=\"HLCXComparisonWidget_Secondary_wdgs\" data-csa-c-type=\"widget\" data-csa-c-content-id=\"HLCXComparisonWidget_Secondary_wdgs\" data-csa-c-slot-id=\"HLCXComparisonWidget_Secondary_wdgs_feature_div\" data-csa-c-asin=\"\" data-csa-c-is-in-initial-active-row=\"false\" data-csa-c-id=\"7y0agd-wh1flx-p8memw-dh0l6o\" data-cel-widget=\"HLCXComparisonWidget_Secondary_wdgs_feature_div\"><\/div>\n<div id=\"importantInformation_feature_div\" class=\"celwidget\" data-feature-name=\"importantInformation\" data-csa-c-type=\"widget\" data-csa-c-content-id=\"importantInformation\" data-csa-c-slot-id=\"importantInformation_feature_div\" data-csa-c-asin=\"\" data-csa-c-is-in-initial-active-row=\"false\" data-csa-c-id=\"ggbbkt-b9043f-c6br0x-j0xdx\" data-cel-widget=\"importantInformation_feature_div\">\n<div class=\"a-divider a-divider-section\"><\/div>\n<\/div>","protected":false},"excerpt":{"rendered":"<p>Presentamos los seis n\u00facleos de CPU FutureBit Apollo BTC. 44 n\u00facleos ASIC. Unidad SSD basada en NVMe de 1 TB. Silencioso. Menos de 200 vatios de potencia. Fabricado en los Estados Unidos. As\u00ed es como se ve el futuro de Bitcoin. FutureBit Apollo BTC es la primera plataforma integrada verticalmente del mundo que trae toda [&hellip;]<\/p>\n","protected":false},"featured_media":2929,"comment_status":"open","ping_status":"closed","template":"","meta":[],"product_brand":[],"product_cat":[15],"product_tag":[],"class_list":{"0":"post-2925","1":"product","2":"type-product","3":"status-publish","4":"has-post-thumbnail","6":"product_cat-sin-categorizar","8":"first","9":"outofstock","10":"taxable","11":"shipping-taxable","12":"purchasable","13":"product-type-simple"},"_links":{"self":[{"href":"https:\/\/profitasic.com\/fr\/wp-json\/wp\/v2\/product\/2925","targetHints":{"allow":["GET"]}}],"collection":[{"href":"https:\/\/profitasic.com\/fr\/wp-json\/wp\/v2\/product"}],"about":[{"href":"https:\/\/profitasic.com\/fr\/wp-json\/wp\/v2\/types\/product"}],"replies":[{"embeddable":true,"href":"https:\/\/profitasic.com\/fr\/wp-json\/wp\/v2\/comments?post=2925"}],"wp:featuredmedia":[{"embeddable":true,"href":"https:\/\/profitasic.com\/fr\/wp-json\/wp\/v2\/media\/2929"}],"wp:attachment":[{"href":"https:\/\/profitasic.com\/fr\/wp-json\/wp\/v2\/media?parent=2925"}],"wp:term":[{"taxonomy":"product_brand","embeddable":true,"href":"https:\/\/profitasic.com\/fr\/wp-json\/wp\/v2\/product_brand?post=2925"},{"taxonomy":"product_cat","embeddable":true,"href":"https:\/\/profitasic.com\/fr\/wp-json\/wp\/v2\/product_cat?post=2925"},{"taxonomy":"product_tag","embeddable":true,"href":"https:\/\/profitasic.com\/fr\/wp-json\/wp\/v2\/product_tag?post=2925"}],"curies":[{"name":"wp","href":"https:\/\/api.w.org\/{rel}","templated":true}]}}