{"id":346,"date":"2022-10-16T04:29:48","date_gmt":"2022-10-16T06:29:48","guid":{"rendered":"https:\/\/pruebas.michollo.to\/producto\/goldshell-lt5-pro-2-45g\/"},"modified":"2025-05-09T14:47:30","modified_gmt":"2025-05-09T12:47:30","slug":"goldshell-lt5-pro-2-45g","status":"publish","type":"product","link":"https:\/\/profitasic.com\/fr\/produit\/goldshell-lt5-pro-2-45g\/","title":{"rendered":"Goldshell LT5 pro 2.45G"},"content":{"rendered":"<p>Cette machine construite par Goldshell a une puissance moyenne de 2 450 MHS, mais sa consommation \u00e9lectrique est de 2 080\/H, ce qui n'est pas mal compte tenu des revenus qu'elle g\u00e9n\u00e8re. Voici la Goldshell LT5 PRO 2.45G<\/p>\n<p style=\"text-align: left;\"><em><strong>Nous connaissons tous le bitcoin, n'est-ce pas ? Eh bien, ceci pourrait vous int\u00e9resser.<\/strong><\/em><br \/>\nLiteCoin \u00e9tait \u00e0 l'origine une fourchette de Bitcoin, et c'est l'une des crypto-monnaies qui, gr\u00e2ce \u00e0 l'exploitation mini\u00e8re ASIC, peut garantir la rentabilit\u00e9 de l'op\u00e9rateur.<\/p>\n<h3 style=\"text-align: left;\"><strong>SCRYPT MINING :<\/strong><\/h3>\n<p style=\"text-align: left;\">Scrypt effectue un hachage \u00e0 l'aide d'une cl\u00e9 et d'une s\u00e9rie de points marqu\u00e9s dans l'algorithme, en ajoutant beaucoup de bruit. Le bruit est constitu\u00e9 de nombres al\u00e9atoires g\u00e9n\u00e9r\u00e9s par la fonction<br \/>\net stock\u00e9s en m\u00e9moire. L'objectif de ces nombres est de camoufler les donn\u00e9es cl\u00e9s afin de rendre plus difficile le cassage des blocs de hachage. En fin de compte, il s'agit d'une mesure de protection qui emp\u00eache les personnes malveillantes d'acc\u00e9der aux donn\u00e9es prot\u00e9g\u00e9es par Scrypt.<\/p>\n<h3 style=\"text-align: left;\"><strong><a href=\"https:\/\/coinmarketcap.com\/es\/currencies\/litecoin\/\" target=\"_blank\" rel=\"noopener\">LITECOIN<\/a>:<\/strong><\/h3>\n<p style=\"text-align: left;\">LiteCoin est une crypto cr\u00e9\u00e9e pour fournir des paiements s\u00e9curis\u00e9s, bon march\u00e9 et rapides, gr\u00e2ce \u00e0 la technologie blockchain.<br \/>\nLorsque nous disons qu'il s'agit d'une fourchette de Bitcoin, cela signifie qu'il s'agit d'une petite version all\u00e9g\u00e9e de la grande crypto-monnaie.<\/p>\n<p style=\"text-align: left;\">Ce r\u00e9seau a \u00e9t\u00e9 lanc\u00e9 le 13 octobre 2011. Apr\u00e8s 11 ans de trajectoire, il a r\u00e9ussi \u00e0 se faire accepter par les traders et a figur\u00e9 parmi les dix premi\u00e8res crypto-monnaies en termes de capitalisation boursi\u00e8re pendant la majeure partie de son existence.<\/p>\n<h3 style=\"text-align: left;\"><a href=\"https:\/\/coinmarketcap.com\/es\/currencies\/dogecoin\/\" target=\"_blank\" rel=\"noopener\"><strong>DOGECOIN :<\/strong><\/a><\/h3>\n<p style=\"text-align: left;\">Esta criptomoneda naci\u00f3 en el mercado como parte de un meme en 2013, pero m\u00e1s tarde su comunidad tom\u00f3 la decisi\u00f3n de cambiar la red al AUXPOW, fusion\u00e1ndose as\u00ed con la red de LTC en septiembre de 2014. Esta medida supuso que el valor de Dogecoin incrementara m\u00e1s de un 180% en tan s\u00f3lo unas pocas semanas. LiteCoin es la criptomoneda n\u00famero 7 m\u00e1s empleada por la capitalizaci\u00f3n de mercado, lo que ha permitido a Doge mejorar significativamente su seguridad, al contar con un poder de c\u00f3mputo mucho mayor.<\/p>\n<h3 style=\"text-align: left;\"><strong>GOLDSHELL :<\/strong><\/h3>\n<p style=\"text-align: left;\">Goldshell est reconnue comme l'une des pionni\u00e8res dans le secteur de la technologie, notamment dans le r\u00e9seau blockchain. Elle s'est notamment concentr\u00e9e sur la production et la vente de puces.<\/p>\n<p style=\"text-align: left;\">Cette entreprise se distingue par la production et la vente de serveurs de puissance de calcul pour de grands projets tels que :<\/p>\n<p style=\"text-align: left;\">- LiteCoin : Goldshell LT5 PRO 2.45G<br \/>\n- R\u00e9seau Nervos : Goldshell\u00a0<a href=\"https:\/\/www.profitasic.com\/es_es\/producto\/goldshell-ck6-19-3t\/\">CK6 19.3T<\/a><br \/>\n- Handshake et SiaCoin : Goldshell HS6 4.3T<br \/>\nEt bien s\u00fbr Kadena, avec le mod\u00e8le KDMAX.<\/p>\n<p style=\"text-align: left;\">Goldshell se distingue par la solidit\u00e9 de son \u00e9quipe de base, qui met en place un syst\u00e8me op\u00e9rationnel efficace allant de la recherche d'algorithmes \u00e0 la production par lots et \u00e0 la livraison, en passant par la mise en \u0153uvre de puces, devenant ainsi un excellent fournisseur et un promoteur de l'industrie mini\u00e8re.<\/p>\n<p style=\"text-align: left;\">Il s'agit d'un excellent concurrent, qui cherche \u00e0 \u00eatre le plus pionnier en mati\u00e8re de nouvelles technologies, en am\u00e9liorant constamment les performances informatiques et en cr\u00e9ant des services efficaces pour le d\u00e9veloppement de l'\u00e9conomie num\u00e9rique.<\/p>\n<p>&nbsp;<\/p>","protected":false},"excerpt":{"rendered":"<p>Esta m\u00e1quina fabricada por Goldshell tiene una potencia media de 2.450MHS, aunque tiene un consumo de 2.080\/H, lo que no est\u00e1 nada mal teniendo en cuenta los ingresos que genera. Se trata de la Goldshell LT5 PRO 2.45G \u00bfA todos nos suena Bitcoin verdad? Pues quiz\u00e1s esto te interese. LiteCoin en un primer momento, fue [&hellip;]<\/p>\n","protected":false},"featured_media":347,"comment_status":"open","ping_status":"closed","template":"","meta":[],"product_brand":[],"product_cat":[19],"product_tag":[52,138,137],"class_list":{"0":"post-346","1":"product","2":"type-product","3":"status-publish","4":"has-post-thumbnail","6":"product_cat-mineros","7":"product_tag-asic","8":"product_tag-mineros-para-avanzados","9":"product_tag-mineros-para-principiantes","11":"first","12":"outofstock","13":"taxable","14":"shipping-taxable","15":"purchasable","16":"product-type-simple"},"_links":{"self":[{"href":"https:\/\/profitasic.com\/fr\/wp-json\/wp\/v2\/product\/346","targetHints":{"allow":["GET"]}}],"collection":[{"href":"https:\/\/profitasic.com\/fr\/wp-json\/wp\/v2\/product"}],"about":[{"href":"https:\/\/profitasic.com\/fr\/wp-json\/wp\/v2\/types\/product"}],"replies":[{"embeddable":true,"href":"https:\/\/profitasic.com\/fr\/wp-json\/wp\/v2\/comments?post=346"}],"wp:featuredmedia":[{"embeddable":true,"href":"https:\/\/profitasic.com\/fr\/wp-json\/wp\/v2\/media\/347"}],"wp:attachment":[{"href":"https:\/\/profitasic.com\/fr\/wp-json\/wp\/v2\/media?parent=346"}],"wp:term":[{"taxonomy":"product_brand","embeddable":true,"href":"https:\/\/profitasic.com\/fr\/wp-json\/wp\/v2\/product_brand?post=346"},{"taxonomy":"product_cat","embeddable":true,"href":"https:\/\/profitasic.com\/fr\/wp-json\/wp\/v2\/product_cat?post=346"},{"taxonomy":"product_tag","embeddable":true,"href":"https:\/\/profitasic.com\/fr\/wp-json\/wp\/v2\/product_tag?post=346"}],"curies":[{"name":"wp","href":"https:\/\/api.w.org\/{rel}","templated":true}]}}