{"id":5378,"date":"2024-07-19T16:48:05","date_gmt":"2024-07-19T14:48:05","guid":{"rendered":"https:\/\/www.profitasic.com\/?post_type=product&#038;p=5378"},"modified":"2026-02-23T13:53:44","modified_gmt":"2026-02-23T12:53:44","slug":"antminer-al1-15-6th-blake3","status":"publish","type":"product","link":"https:\/\/profitasic.com\/fr\/produit\/antminer-al1-15-6th-blake3\/","title":{"rendered":"Antminer AL1 (15.6Th) &#8211; M\u00e1ximo rendimiento para ALPH"},"content":{"rendered":"<p>Les <strong>Bitmain Antminer AL1 (15.6Th)<\/strong> est un mineur ASIC haut de gamme, con\u00e7u sp\u00e9cifiquement pour l'algorithme <strong>Blake3<\/strong>. Avec un hashrate maximum de <strong>15,6Th\/s<\/strong> et une consommation d'\u00e9nergie de <strong>3510W<\/strong>Cette machine est consid\u00e9r\u00e9e comme l'une des plus efficaces et des plus rentables du march\u00e9. Elle est id\u00e9ale pour ceux qui cherchent \u00e0 maximiser leurs revenus gr\u00e2ce au minage de crypto-monnaies.<\/p>\n<h4>Sp\u00e9cifications<\/h4>\n<ul>\n<li><strong>Fabricant :<\/strong> Bitmain<\/li>\n<li><strong>Mod\u00e8le :<\/strong> Antminer AL1 (15.6Th)<\/li>\n<li><strong>\u00c9galement connu sous le nom de :<\/strong> Antminer AL1 ALPH Miner<\/li>\n<li><strong>Lancement :<\/strong> juillet 2024<\/li>\n<li><strong>Taille :<\/strong> 195 x 290 x 370 mm<\/li>\n<li><strong>Poids :<\/strong> 13,200 g<\/li>\n<li><strong>Niveau sonore :<\/strong> 75 db<\/li>\n<li><strong>R\u00e9frig\u00e9ration :<\/strong> Air<\/li>\n<li><strong>Les fans :<\/strong> 4<\/li>\n<li><strong>Consommation d'\u00e9nergie :<\/strong> 3510W<\/li>\n<li><strong>Interface :<\/strong> Ethernet<\/li>\n<li><strong>Temp\u00e9rature de fonctionnement :<\/strong> 5 - 45 \u00b0C<\/li>\n<li><strong>Humidit\u00e9 :<\/strong> 5 &#8211; 95%<\/li>\n<\/ul>\n<h4>Pi\u00e8ces exploitables<\/h4>\n<p><strong>ALPH (Alephium)<\/strong><\/p>\n<p><strong>DCR (Decred)<\/strong><\/p>\n<p>Optimisez vos op\u00e9rations mini\u00e8res avec l'Antminer AL1 et tirez le meilleur parti de sa puissance et de son efficacit\u00e9 !<\/p>","protected":false},"excerpt":{"rendered":"<p>El Antminer AL1 (15.6Th) de Bitmain es un minero ASIC de alta gama, dise\u00f1ado espec\u00edficamente para el algoritmo Blake3. Con un hashrate m\u00e1ximo de 15.6Th\/s y un consumo de energ\u00eda de 3510W, esta m\u00e1quina se posiciona como una de las m\u00e1s eficientes y rentables del mercado. Ideal para quienes buscan maximizar sus ingresos en la [&hellip;]<\/p>\n","protected":false},"featured_media":4304,"comment_status":"open","ping_status":"closed","template":"","meta":[],"product_brand":[],"product_cat":[19],"product_tag":[244,138],"class_list":{"0":"post-5378","1":"product","2":"type-product","3":"status-publish","4":"has-post-thumbnail","6":"product_cat-mineros","7":"product_tag-gme","8":"product_tag-mineros-para-avanzados","10":"first","11":"outofstock","12":"taxable","13":"shipping-taxable","14":"purchasable","15":"product-type-simple"},"_links":{"self":[{"href":"https:\/\/profitasic.com\/fr\/wp-json\/wp\/v2\/product\/5378","targetHints":{"allow":["GET"]}}],"collection":[{"href":"https:\/\/profitasic.com\/fr\/wp-json\/wp\/v2\/product"}],"about":[{"href":"https:\/\/profitasic.com\/fr\/wp-json\/wp\/v2\/types\/product"}],"replies":[{"embeddable":true,"href":"https:\/\/profitasic.com\/fr\/wp-json\/wp\/v2\/comments?post=5378"}],"wp:featuredmedia":[{"embeddable":true,"href":"https:\/\/profitasic.com\/fr\/wp-json\/wp\/v2\/media\/4304"}],"wp:attachment":[{"href":"https:\/\/profitasic.com\/fr\/wp-json\/wp\/v2\/media?parent=5378"}],"wp:term":[{"taxonomy":"product_brand","embeddable":true,"href":"https:\/\/profitasic.com\/fr\/wp-json\/wp\/v2\/product_brand?post=5378"},{"taxonomy":"product_cat","embeddable":true,"href":"https:\/\/profitasic.com\/fr\/wp-json\/wp\/v2\/product_cat?post=5378"},{"taxonomy":"product_tag","embeddable":true,"href":"https:\/\/profitasic.com\/fr\/wp-json\/wp\/v2\/product_tag?post=5378"}],"curies":[{"name":"wp","href":"https:\/\/api.w.org\/{rel}","templated":true}]}}