{"id":620,"date":"2022-10-25T10:32:03","date_gmt":"2022-10-25T14:32:03","guid":{"rendered":"https:\/\/pruebas.michollo.to\/?post_type=product&#038;p=620"},"modified":"2025-05-09T14:47:22","modified_gmt":"2025-05-09T12:47:22","slug":"cable-alimentacion-para-cpu-superior-a-1-500w","status":"publish","type":"product","link":"https:\/\/profitasic.com\/fr\/produit\/cable-dalimentation-pour-cpu-de-plus-de-1-500w\/","title":{"rendered":"C\u00e2ble d'alimentation pour les unit\u00e9s centrales de plus de 1 500 W"},"content":{"rendered":"<p>C\u00e2ble d'alimentation compatible avec les alimentations ASIC et RIG, haute puissance.<\/p>\n<p><strong>Sp\u00e9cifications :<\/strong><\/p>\n<ul>\n<li>Connexion A : Schuko m\u00e2le<\/li>\n<li>Connexion B : IEC-320-C19<\/li>\n<li>Diam\u00e8tre du conducteur 3x 1,00 mm\u00b2 3x 1,00 mm<\/li>\n<li>Conception du connecteur - C\u00f4t\u00e9 A : Angulaire<\/li>\n<li>Conception du connecteur - c\u00f4t\u00e9 B : droit<\/li>\n<li>Longueur du c\u00e2ble : 2,0 m<\/li>\n<li>Mat\u00e9riau du conducteur : cuivre<\/li>\n<li>Mat\u00e9riau ext\u00e9rieur : PVC<\/li>\n<\/ul>","protected":false},"excerpt":{"rendered":"<p>C\u00e2ble d'alimentation compatible avec l'alimentation des ASICs et des RIGs, haute puissance. Sp\u00e9cifications : Connexion A : Schuko Male Connexion B : IEC-320-C19 Diam\u00e8tre du conducteur 3x 1.00 mm\u00b2 Conception du connecteur - C\u00f4t\u00e9 A : Angulaire Conception du connecteur - C\u00f4t\u00e9 B : Droit Longueur du c\u00e2ble : 2.0 m Mat\u00e9riau du conducteur : Cuivre Mat\u00e9riau ext\u00e9rieur : PVC<\/p>","protected":false},"featured_media":621,"comment_status":"open","ping_status":"closed","template":"","meta":[],"product_brand":[],"product_cat":[20],"product_tag":[52,135],"class_list":{"0":"post-620","1":"product","2":"type-product","3":"status-publish","4":"has-post-thumbnail","6":"product_cat-componentes","7":"product_tag-asic","8":"product_tag-rig","10":"first","11":"instock","12":"taxable","13":"shipping-taxable","14":"purchasable","15":"product-type-simple"},"_links":{"self":[{"href":"https:\/\/profitasic.com\/fr\/wp-json\/wp\/v2\/product\/620","targetHints":{"allow":["GET"]}}],"collection":[{"href":"https:\/\/profitasic.com\/fr\/wp-json\/wp\/v2\/product"}],"about":[{"href":"https:\/\/profitasic.com\/fr\/wp-json\/wp\/v2\/types\/product"}],"replies":[{"embeddable":true,"href":"https:\/\/profitasic.com\/fr\/wp-json\/wp\/v2\/comments?post=620"}],"wp:featuredmedia":[{"embeddable":true,"href":"https:\/\/profitasic.com\/fr\/wp-json\/wp\/v2\/media\/621"}],"wp:attachment":[{"href":"https:\/\/profitasic.com\/fr\/wp-json\/wp\/v2\/media?parent=620"}],"wp:term":[{"taxonomy":"product_brand","embeddable":true,"href":"https:\/\/profitasic.com\/fr\/wp-json\/wp\/v2\/product_brand?post=620"},{"taxonomy":"product_cat","embeddable":true,"href":"https:\/\/profitasic.com\/fr\/wp-json\/wp\/v2\/product_cat?post=620"},{"taxonomy":"product_tag","embeddable":true,"href":"https:\/\/profitasic.com\/fr\/wp-json\/wp\/v2\/product_tag?post=620"}],"curies":[{"name":"wp","href":"https:\/\/api.w.org\/{rel}","templated":true}]}}